{"id":8415,"date":"2013-10-24T13:11:16","date_gmt":"2013-10-24T11:11:16","guid":{"rendered":"http:\/\/dark-parts.com.dd33010.kasserver.com\/?page_id=8415"},"modified":"2013-12-16T20:34:03","modified_gmt":"2013-12-16T19:34:03","slug":"order-process","status":"publish","type":"page","link":"https:\/\/www.dark-parts.com\/en\/order-process\/","title":{"rendered":"Order Process"},"content":{"rendered":"<p>1. Warenkorb<\/p>\n<p>W\u00e4hlen Sie die Produkte aus, die Sie bestellen m\u00f6chten, indem Sie den \u201cIn den Warenkorb\u201d Button anklicken. Dadurch wird Ihre Auswahl in den Warenkorb gelegt. Sie k\u00f6nnen diese Auswahl bis zum Absenden Ihrer Bestellung jederzeit \u00e4ndern, in dem Sie die Anzahl der Produkte \u00e4ndern, durch Anklicken des K\u00e4stchens \u201cEntfernen\u201d die Auswahl l\u00f6schen oder den Bestellvorgang abbrechen. Durch Anklicken des Buttons \u201cKasse\u201d gelangen Sie zum n\u00e4chsten Bestellschritt.<\/p>\n<p>2. Kasse<\/p>\n<p>Melden Sie sich bitte mit Ihrer E-Mail Adresse und Ihrem Passwort an falls Sie bereits ein Kundenkonto besitzen, ansonsten registrieren Sie sich bitte als neuer Kunde. Ihre Daten werden unter Beachtung der datenschutzrechtlichen Bestimmungen erhoben, verarbeitet und genutzt (Datenschutzhinweis). Eine anderweitige Verwendung oder Weitergabe an Dritte erfolgt nicht. Sind Sie bereits angemeldet, k\u00f6nnen Sie nun die Versandart ausw\u00e4hlen. Durch klicken des Buttons \u201cWeiter\u201d gelangen Sie zum n\u00e4chsten Bestellschritt.<\/p>\n<p>3. Rechnungsadresse pr\u00fcfen \/ Zahlungsweise ausw\u00e4hlen<\/p>\n<p>\u00fcberpr\u00fcfen Sie nun Ihre Rechnungsadresse und geben Sie Ihre gew\u00fcnschte Zahlungsweise an. Durch Klicken des Buttons \u201cWeiter\u201d gelangen Sie zum n\u00e4chsten Bestellschritt.<br \/>\n4. Versandadresse pr\u00fcfen \/ Versandart ausw\u00e4hlen<\/p>\n<p>\u00fcberpr\u00fcfen Sie nun Ihre Versandadresse und geben Sie Ihre gew\u00fcnschte Versandart an. Durch Klicken des Buttons \u201cWeiter\u201d gelangen Sie zum n\u00e4chsten Bestellschritt.<br \/>\n5. Bestellvorgang abschlie\u00dfen \/ AGB und Datenschutz<\/p>\n<p>Sie erhalten eine \u00fcbersicht Ihrer Bestellung: die ausgew\u00e4hlten Produkte, die Versand- und Rechnungsadresse und Ihre Kontaktdaten. \u00fcberpr\u00fcfen Sie, ob alle Angaben stimmen und lesen sich bitte die Allgemeinen Gesch\u00e4ftsbedingungen und die Widerrufsbelehrung aufmerksam durch. Sie k\u00f6nnen mit der Bestellung nur fortfahren, wenn Sie den AGB und der Datenschutzerkl\u00e4rung zustimmen (H\u00e4kchen setzen). Mit dem Anklicken des Buttons \u201cKaufen\u201d \u00fcbersenden Sie Ihre Bestellung an uns. Hiermit geben Sie ein rechtsverbindliches Angebot ab.<\/p>\n","protected":false},"excerpt":{"rendered":"<p>1. Warenkorb W\u00e4hlen Sie die Produkte aus, die Sie bestellen m\u00f6chten, indem Sie den \u201cIn den Warenkorb\u201d Button anklicken. Dadurch wird Ihre Auswahl in den Warenkorb gelegt. Sie k\u00f6nnen diese Auswahl bis zum Absenden Ihrer Bestellung jederzeit \u00e4ndern, in dem Sie die Anzahl der Produkte \u00e4ndern, durch Anklicken des K\u00e4stchens \u201cEntfernen\u201d die Auswahl l\u00f6schen oder [&hellip;]<\/p>\n","protected":false},"author":1,"featured_media":0,"parent":0,"menu_order":0,"comment_status":"closed","ping_status":"closed","template":"","meta":{"footnotes":""},"class_list":["post-8415","page","type-page","status-publish","hentry"],"yoast_head":"<!-- This site is optimized with the Yoast SEO plugin v27.4 - https:\/\/yoast.com\/product\/yoast-seo-wordpress\/ -->\n<title>Order Process - Dark Parts<\/title>\n<meta name=\"robots\" content=\"index, follow, max-snippet:-1, max-image-preview:large, max-video-preview:-1\" \/>\n<link rel=\"canonical\" href=\"https:\/\/www.dark-parts.com\/en\/order-process\/\" \/>\n<meta property=\"og:locale\" content=\"en_US\" \/>\n<meta property=\"og:type\" content=\"article\" \/>\n<meta property=\"og:title\" content=\"Order Process - Dark Parts\" \/>\n<meta property=\"og:description\" content=\"1. Warenkorb W\u00e4hlen Sie die Produkte aus, die Sie bestellen m\u00f6chten, indem Sie den \u201cIn den Warenkorb\u201d Button anklicken. Dadurch wird Ihre Auswahl in den Warenkorb gelegt. Sie k\u00f6nnen diese Auswahl bis zum Absenden Ihrer Bestellung jederzeit \u00e4ndern, in dem Sie die Anzahl der Produkte \u00e4ndern, durch Anklicken des K\u00e4stchens \u201cEntfernen\u201d die Auswahl l\u00f6schen oder [&hellip;]\" \/>\n<meta property=\"og:url\" content=\"https:\/\/www.dark-parts.com\/en\/order-process\/\" \/>\n<meta property=\"og:site_name\" content=\"Dark Parts\" \/>\n<meta property=\"article:modified_time\" content=\"2013-12-16T19:34:03+00:00\" \/>\n<meta name=\"twitter:label1\" content=\"Est. reading time\" \/>\n\t<meta name=\"twitter:data1\" content=\"1 minute\" \/>\n<script type=\"application\/ld+json\" class=\"yoast-schema-graph\">{\"@context\":\"https:\\\/\\\/schema.org\",\"@graph\":[{\"@type\":\"WebPage\",\"@id\":\"https:\\\/\\\/www.dark-parts.com\\\/en\\\/order-process\\\/\",\"url\":\"https:\\\/\\\/www.dark-parts.com\\\/en\\\/order-process\\\/\",\"name\":\"Order Process - Dark Parts\",\"isPartOf\":{\"@id\":\"https:\\\/\\\/www.dark-parts.com\\\/en\\\/#website\"},\"datePublished\":\"2013-10-24T11:11:16+00:00\",\"dateModified\":\"2013-12-16T19:34:03+00:00\",\"breadcrumb\":{\"@id\":\"https:\\\/\\\/www.dark-parts.com\\\/en\\\/order-process\\\/#breadcrumb\"},\"inLanguage\":\"en-US\",\"potentialAction\":[{\"@type\":\"ReadAction\",\"target\":[\"https:\\\/\\\/www.dark-parts.com\\\/en\\\/order-process\\\/\"]}]},{\"@type\":\"BreadcrumbList\",\"@id\":\"https:\\\/\\\/www.dark-parts.com\\\/en\\\/order-process\\\/#breadcrumb\",\"itemListElement\":[{\"@type\":\"ListItem\",\"position\":1,\"name\":\"Home\",\"item\":\"https:\\\/\\\/www.dark-parts.com\\\/en\\\/\"},{\"@type\":\"ListItem\",\"position\":2,\"name\":\"Order Process\"}]},{\"@type\":\"WebSite\",\"@id\":\"https:\\\/\\\/www.dark-parts.com\\\/en\\\/#website\",\"url\":\"https:\\\/\\\/www.dark-parts.com\\\/en\\\/\",\"name\":\"Dark Parts\",\"description\":\"Custom Parts for Harley Davidson Softail Dyna Sportster and Victory Hammer\",\"potentialAction\":[{\"@type\":\"SearchAction\",\"target\":{\"@type\":\"EntryPoint\",\"urlTemplate\":\"https:\\\/\\\/www.dark-parts.com\\\/en\\\/?s={search_term_string}\"},\"query-input\":{\"@type\":\"PropertyValueSpecification\",\"valueRequired\":true,\"valueName\":\"search_term_string\"}}],\"inLanguage\":\"en-US\"}]}<\/script>\n<!-- \/ Yoast SEO plugin. -->","yoast_head_json":{"title":"Order Process - Dark Parts","robots":{"index":"index","follow":"follow","max-snippet":"max-snippet:-1","max-image-preview":"max-image-preview:large","max-video-preview":"max-video-preview:-1"},"canonical":"https:\/\/www.dark-parts.com\/en\/order-process\/","og_locale":"en_US","og_type":"article","og_title":"Order Process - Dark Parts","og_description":"1. Warenkorb W\u00e4hlen Sie die Produkte aus, die Sie bestellen m\u00f6chten, indem Sie den \u201cIn den Warenkorb\u201d Button anklicken. Dadurch wird Ihre Auswahl in den Warenkorb gelegt. Sie k\u00f6nnen diese Auswahl bis zum Absenden Ihrer Bestellung jederzeit \u00e4ndern, in dem Sie die Anzahl der Produkte \u00e4ndern, durch Anklicken des K\u00e4stchens \u201cEntfernen\u201d die Auswahl l\u00f6schen oder [&hellip;]","og_url":"https:\/\/www.dark-parts.com\/en\/order-process\/","og_site_name":"Dark Parts","article_modified_time":"2013-12-16T19:34:03+00:00","twitter_misc":{"Est. reading time":"1 minute"},"schema":{"@context":"https:\/\/schema.org","@graph":[{"@type":"WebPage","@id":"https:\/\/www.dark-parts.com\/en\/order-process\/","url":"https:\/\/www.dark-parts.com\/en\/order-process\/","name":"Order Process - Dark Parts","isPartOf":{"@id":"https:\/\/www.dark-parts.com\/en\/#website"},"datePublished":"2013-10-24T11:11:16+00:00","dateModified":"2013-12-16T19:34:03+00:00","breadcrumb":{"@id":"https:\/\/www.dark-parts.com\/en\/order-process\/#breadcrumb"},"inLanguage":"en-US","potentialAction":[{"@type":"ReadAction","target":["https:\/\/www.dark-parts.com\/en\/order-process\/"]}]},{"@type":"BreadcrumbList","@id":"https:\/\/www.dark-parts.com\/en\/order-process\/#breadcrumb","itemListElement":[{"@type":"ListItem","position":1,"name":"Home","item":"https:\/\/www.dark-parts.com\/en\/"},{"@type":"ListItem","position":2,"name":"Order Process"}]},{"@type":"WebSite","@id":"https:\/\/www.dark-parts.com\/en\/#website","url":"https:\/\/www.dark-parts.com\/en\/","name":"Dark Parts","description":"Custom Parts for Harley Davidson Softail Dyna Sportster and Victory Hammer","potentialAction":[{"@type":"SearchAction","target":{"@type":"EntryPoint","urlTemplate":"https:\/\/www.dark-parts.com\/en\/?s={search_term_string}"},"query-input":{"@type":"PropertyValueSpecification","valueRequired":true,"valueName":"search_term_string"}}],"inLanguage":"en-US"}]}},"_links":{"self":[{"href":"https:\/\/www.dark-parts.com\/en\/wp-json\/wp\/v2\/pages\/8415","targetHints":{"allow":["GET"]}}],"collection":[{"href":"https:\/\/www.dark-parts.com\/en\/wp-json\/wp\/v2\/pages"}],"about":[{"href":"https:\/\/www.dark-parts.com\/en\/wp-json\/wp\/v2\/types\/page"}],"author":[{"embeddable":true,"href":"https:\/\/www.dark-parts.com\/en\/wp-json\/wp\/v2\/users\/1"}],"replies":[{"embeddable":true,"href":"https:\/\/www.dark-parts.com\/en\/wp-json\/wp\/v2\/comments?post=8415"}],"version-history":[{"count":2,"href":"https:\/\/www.dark-parts.com\/en\/wp-json\/wp\/v2\/pages\/8415\/revisions"}],"predecessor-version":[{"id":17898,"href":"https:\/\/www.dark-parts.com\/en\/wp-json\/wp\/v2\/pages\/8415\/revisions\/17898"}],"wp:attachment":[{"href":"https:\/\/www.dark-parts.com\/en\/wp-json\/wp\/v2\/media?parent=8415"}],"curies":[{"name":"wp","href":"https:\/\/api.w.org\/{rel}","templated":true}]}}